{"id":399,"date":"2022-05-22T02:02:03","date_gmt":"2022-05-22T02:02:03","guid":{"rendered":"https:\/\/afiyafrica.com\/?page_id=399"},"modified":"2022-07-17T02:23:02","modified_gmt":"2022-07-17T02:23:02","slug":"qui-ssommes-nous","status":"publish","type":"page","link":"https:\/\/afiyafrica.com\/index.php\/qui-ssommes-nous\/","title":{"rendered":"Qui sommes-nous ?"},"content":{"rendered":"\r\n<figure class=\"wp-block-image size-full\"><img loading=\"lazy\" decoding=\"async\" width=\"312\" height=\"137\" class=\"wp-image-386 alignleft\" src=\"https:\/\/afiyafrica.com\/wp-content\/uploads\/2022\/05\/afiyafricacom.jpg\" alt=\"\" srcset=\"https:\/\/afiyafrica.com\/wp-content\/uploads\/2022\/05\/afiyafricacom.jpg 312w, https:\/\/afiyafrica.com\/wp-content\/uploads\/2022\/05\/afiyafricacom-300x132.jpg 300w\" sizes=\"auto, (max-width: 312px) 100vw, 312px\" \/><\/figure>\r\n\r\n\r\n\r\n<p style=\"text-align: justify;\">Afiya Africa est un groupe de presse en ligne, d\u00e9di\u00e9 au secteur de la sant\u00e9 en Afrique. Lanc\u00e9 en 2018 par un magazine en ligne, nous voulons \u00eatre une plateforme qui apporte l&rsquo;information de sant\u00e9 utile \u00e0 la bonne personne au bon moment, des news in\u00e9dites,\u00a0des interviews uniques, des services pratiques, des dossiers, des \u00e9changes pertinents, etc&#8230;<\/p>\r\n\r\n\r\n\r\n<p style=\"text-align: justify;\">Aussi, nous voulons accompagner les professionnels du syst\u00e8me sanitaire africain, dans l&rsquo;exercice de leur fonction, et les aider \u00e0 faire face aux challenges qu&rsquo;ils rencontrent au jour le jour.<\/p>\r\n\r\n\r\n\r\n<p style=\"text-align: justify;\">Notre \u00e9quipe est compos\u00e9 de journalistes sp\u00e9cialis\u00e9s dans le domaine m\u00e9dicale et de professionnels de sant\u00e9.\u00a0<\/p>\r\n\r\n\r\n\r\n<p>&nbsp;<\/p>\r\n","protected":false},"excerpt":{"rendered":"<p>Afiya Africa est un groupe de presse en ligne, d\u00e9di\u00e9 au secteur de la sant\u00e9&#8230;<\/p>\n","protected":false},"author":1,"featured_media":0,"parent":0,"menu_order":0,"comment_status":"closed","ping_status":"closed","template":"","meta":{"_monsterinsights_skip_tracking":false,"_monsterinsights_sitenote_active":false,"_monsterinsights_sitenote_note":"","_monsterinsights_sitenote_category":0,"footnotes":""},"class_list":["post-399","page","type-page","status-publish","hentry"],"yoast_head":"<!-- This site is optimized with the Yoast SEO plugin v23.2 - https:\/\/yoast.com\/wordpress\/plugins\/seo\/ -->\n<title>Qui sommes-nous ? -<\/title>\n<meta name=\"robots\" content=\"index, follow, max-snippet:-1, max-image-preview:large, max-video-preview:-1\" \/>\n<link rel=\"canonical\" href=\"https:\/\/afiyafrica.com\/index.php\/qui-ssommes-nous\/\" \/>\n<meta property=\"og:locale\" content=\"fr_FR\" \/>\n<meta property=\"og:type\" content=\"article\" \/>\n<meta property=\"og:title\" content=\"Qui sommes-nous ? -\" \/>\n<meta property=\"og:description\" content=\"Afiya Africa est un groupe de presse en ligne, d\u00e9di\u00e9 au secteur de la sant\u00e9...\" \/>\n<meta property=\"og:url\" content=\"https:\/\/afiyafrica.com\/index.php\/qui-ssommes-nous\/\" \/>\n<meta property=\"article:modified_time\" content=\"2022-07-17T02:23:02+00:00\" \/>\n<meta property=\"og:image\" content=\"http:\/\/afiyafrica.com\/wp-content\/uploads\/2022\/05\/afiyafricacom.jpg\" \/>\n<meta name=\"twitter:card\" content=\"summary_large_image\" \/>\n<meta name=\"twitter:label1\" content=\"Dur\u00e9e de lecture estim\u00e9e\" \/>\n\t<meta name=\"twitter:data1\" content=\"1 minute\" \/>\n<script type=\"application\/ld+json\" class=\"yoast-schema-graph\">{\"@context\":\"https:\/\/schema.org\",\"@graph\":[{\"@type\":\"WebPage\",\"@id\":\"https:\/\/afiyafrica.com\/index.php\/qui-ssommes-nous\/\",\"url\":\"https:\/\/afiyafrica.com\/index.php\/qui-ssommes-nous\/\",\"name\":\"Qui sommes-nous ? -\",\"isPartOf\":{\"@id\":\"https:\/\/afiyafrica.com\/#website\"},\"primaryImageOfPage\":{\"@id\":\"https:\/\/afiyafrica.com\/index.php\/qui-ssommes-nous\/#primaryimage\"},\"image\":{\"@id\":\"https:\/\/afiyafrica.com\/index.php\/qui-ssommes-nous\/#primaryimage\"},\"thumbnailUrl\":\"http:\/\/afiyafrica.com\/wp-content\/uploads\/2022\/05\/afiyafricacom.jpg\",\"datePublished\":\"2022-05-22T02:02:03+00:00\",\"dateModified\":\"2022-07-17T02:23:02+00:00\",\"breadcrumb\":{\"@id\":\"https:\/\/afiyafrica.com\/index.php\/qui-ssommes-nous\/#breadcrumb\"},\"inLanguage\":\"fr-FR\",\"potentialAction\":[{\"@type\":\"ReadAction\",\"target\":[\"https:\/\/afiyafrica.com\/index.php\/qui-ssommes-nous\/\"]}]},{\"@type\":\"ImageObject\",\"inLanguage\":\"fr-FR\",\"@id\":\"https:\/\/afiyafrica.com\/index.php\/qui-ssommes-nous\/#primaryimage\",\"url\":\"http:\/\/afiyafrica.com\/wp-content\/uploads\/2022\/05\/afiyafricacom.jpg\",\"contentUrl\":\"http:\/\/afiyafrica.com\/wp-content\/uploads\/2022\/05\/afiyafricacom.jpg\"},{\"@type\":\"BreadcrumbList\",\"@id\":\"https:\/\/afiyafrica.com\/index.php\/qui-ssommes-nous\/#breadcrumb\",\"itemListElement\":[{\"@type\":\"ListItem\",\"position\":1,\"name\":\"Accueil\",\"item\":\"https:\/\/afiyafrica.com\/\"},{\"@type\":\"ListItem\",\"position\":2,\"name\":\"Qui sommes-nous ?\"}]},{\"@type\":\"WebSite\",\"@id\":\"https:\/\/afiyafrica.com\/#website\",\"url\":\"https:\/\/afiyafrica.com\/\",\"name\":\"\",\"description\":\"\",\"potentialAction\":[{\"@type\":\"SearchAction\",\"target\":{\"@type\":\"EntryPoint\",\"urlTemplate\":\"https:\/\/afiyafrica.com\/?s={search_term_string}\"},\"query-input\":\"required name=search_term_string\"}],\"inLanguage\":\"fr-FR\"}]}<\/script>\n<!-- \/ Yoast SEO plugin. -->","yoast_head_json":{"title":"Qui sommes-nous ? -","robots":{"index":"index","follow":"follow","max-snippet":"max-snippet:-1","max-image-preview":"max-image-preview:large","max-video-preview":"max-video-preview:-1"},"canonical":"https:\/\/afiyafrica.com\/index.php\/qui-ssommes-nous\/","og_locale":"fr_FR","og_type":"article","og_title":"Qui sommes-nous ? -","og_description":"Afiya Africa est un groupe de presse en ligne, d\u00e9di\u00e9 au secteur de la sant\u00e9...","og_url":"https:\/\/afiyafrica.com\/index.php\/qui-ssommes-nous\/","article_modified_time":"2022-07-17T02:23:02+00:00","og_image":[{"url":"http:\/\/afiyafrica.com\/wp-content\/uploads\/2022\/05\/afiyafricacom.jpg"}],"twitter_card":"summary_large_image","twitter_misc":{"Dur\u00e9e de lecture estim\u00e9e":"1 minute"},"schema":{"@context":"https:\/\/schema.org","@graph":[{"@type":"WebPage","@id":"https:\/\/afiyafrica.com\/index.php\/qui-ssommes-nous\/","url":"https:\/\/afiyafrica.com\/index.php\/qui-ssommes-nous\/","name":"Qui sommes-nous ? -","isPartOf":{"@id":"https:\/\/afiyafrica.com\/#website"},"primaryImageOfPage":{"@id":"https:\/\/afiyafrica.com\/index.php\/qui-ssommes-nous\/#primaryimage"},"image":{"@id":"https:\/\/afiyafrica.com\/index.php\/qui-ssommes-nous\/#primaryimage"},"thumbnailUrl":"http:\/\/afiyafrica.com\/wp-content\/uploads\/2022\/05\/afiyafricacom.jpg","datePublished":"2022-05-22T02:02:03+00:00","dateModified":"2022-07-17T02:23:02+00:00","breadcrumb":{"@id":"https:\/\/afiyafrica.com\/index.php\/qui-ssommes-nous\/#breadcrumb"},"inLanguage":"fr-FR","potentialAction":[{"@type":"ReadAction","target":["https:\/\/afiyafrica.com\/index.php\/qui-ssommes-nous\/"]}]},{"@type":"ImageObject","inLanguage":"fr-FR","@id":"https:\/\/afiyafrica.com\/index.php\/qui-ssommes-nous\/#primaryimage","url":"http:\/\/afiyafrica.com\/wp-content\/uploads\/2022\/05\/afiyafricacom.jpg","contentUrl":"http:\/\/afiyafrica.com\/wp-content\/uploads\/2022\/05\/afiyafricacom.jpg"},{"@type":"BreadcrumbList","@id":"https:\/\/afiyafrica.com\/index.php\/qui-ssommes-nous\/#breadcrumb","itemListElement":[{"@type":"ListItem","position":1,"name":"Accueil","item":"https:\/\/afiyafrica.com\/"},{"@type":"ListItem","position":2,"name":"Qui sommes-nous ?"}]},{"@type":"WebSite","@id":"https:\/\/afiyafrica.com\/#website","url":"https:\/\/afiyafrica.com\/","name":"","description":"","potentialAction":[{"@type":"SearchAction","target":{"@type":"EntryPoint","urlTemplate":"https:\/\/afiyafrica.com\/?s={search_term_string}"},"query-input":"required name=search_term_string"}],"inLanguage":"fr-FR"}]}},"_links":{"self":[{"href":"https:\/\/afiyafrica.com\/index.php\/wp-json\/wp\/v2\/pages\/399","targetHints":{"allow":["GET"]}}],"collection":[{"href":"https:\/\/afiyafrica.com\/index.php\/wp-json\/wp\/v2\/pages"}],"about":[{"href":"https:\/\/afiyafrica.com\/index.php\/wp-json\/wp\/v2\/types\/page"}],"author":[{"embeddable":true,"href":"https:\/\/afiyafrica.com\/index.php\/wp-json\/wp\/v2\/users\/1"}],"replies":[{"embeddable":true,"href":"https:\/\/afiyafrica.com\/index.php\/wp-json\/wp\/v2\/comments?post=399"}],"version-history":[{"count":5,"href":"https:\/\/afiyafrica.com\/index.php\/wp-json\/wp\/v2\/pages\/399\/revisions"}],"predecessor-version":[{"id":3021,"href":"https:\/\/afiyafrica.com\/index.php\/wp-json\/wp\/v2\/pages\/399\/revisions\/3021"}],"wp:attachment":[{"href":"https:\/\/afiyafrica.com\/index.php\/wp-json\/wp\/v2\/media?parent=399"}],"curies":[{"name":"wp","href":"https:\/\/api.w.org\/{rel}","templated":true}]}}